{"id":10215,"date":"2022-10-31T12:43:55","date_gmt":"2022-10-31T11:43:55","guid":{"rendered":"https:\/\/restarted.hr\/?page_id=10215"},"modified":"2022-12-15T12:18:51","modified_gmt":"2022-12-15T11:18:51","slug":"film-afternoon","status":"publish","type":"page","link":"https:\/\/restarted.hr\/en\/education\/film-afternoon\/","title":{"rendered":"Film Afternoon"},"content":{"rendered":"<p>The <strong>Film Afternoon <\/strong>project is intended for elderly people &#8211; pensioners and users of homes for the elderly and infirm. In cooperation with city centers in the City of Zagreb, we conduct series of film screenings of recent Croatian documentaries. In addition to film screenings, we analyze and discuss each watched film in the program with the presenters and moderators, and sometimes the authors themselves are present.<\/p>\n<p>With the project, we encourage and actively involve older people in creative thinking and expression. Thus, we encourage their greater equal participation in all segments of life &#8211; including the cultural and artistic ones, we improve their quality of life and create a free and informal space where they can use their free time more productively.<\/p>\n<p>So far we have cooperated with: Home for the elderly and infirm Trnje, Home for the elderly Sveti Josip, Home for the elderly Ksaver, Home for the elderly Tre\u0161njevka, Home for the elderly Sv. Ana and Medve\u0161\u010dak &#8211; Home for the Elderly.<\/p>\n","protected":false},"excerpt":{"rendered":"<p>The Film Afternoon project is intended for elderly people &#8211; pensioners and users of homes for the elderly and infirm. In cooperation with city centers in the City of Zagreb, we conduct series of film screenings of recent Croatian documentaries. In addition to film screenings, we analyze and discuss each watched film in the program<\/p>\n","protected":false},"author":2,"featured_media":10891,"parent":4474,"menu_order":0,"comment_status":"closed","ping_status":"closed","template":"","meta":{"_acf_changed":false,"footnotes":""},"class_list":["post-10215","page","type-page","status-publish","has-post-thumbnail"],"acf":[],"yoast_head":"<!-- This site is optimized with the Yoast SEO Premium plugin v25.4 (Yoast SEO v26.5) - https:\/\/yoast.com\/wordpress\/plugins\/seo\/ -->\n<title>Film Afternoon - Restart<\/title>\n<meta name=\"description\" content=\"The Film Afternoon project is intended for elderly people - pensioners and users of homes for the elderly and infirm. In cooperation with city centers in\" \/>\n<meta name=\"robots\" content=\"index, follow, max-snippet:-1, max-image-preview:large, max-video-preview:-1\" \/>\n<link rel=\"canonical\" href=\"https:\/\/restarted.hr\/edukacija\/filmsko-popodne-arhive-i-sjecanja\/\" \/>\n<meta property=\"og:locale\" content=\"en_US\" \/>\n<meta property=\"og:type\" content=\"article\" \/>\n<meta property=\"og:title\" content=\"Film Afternoon\" \/>\n<meta property=\"og:description\" content=\"The Film Afternoon project is intended for elderly people - pensioners and users of homes for the elderly and infirm. In cooperation with city centers in\" \/>\n<meta property=\"og:url\" content=\"https:\/\/restarted.hr\/edukacija\/filmsko-popodne-arhive-i-sjecanja\/\" \/>\n<meta property=\"og:site_name\" content=\"Restart\" \/>\n<meta property=\"article:publisher\" content=\"https:\/\/www.facebook.com\/RestartDocumentary\" \/>\n<meta property=\"article:modified_time\" content=\"2022-12-15T11:18:51+00:00\" \/>\n<meta property=\"og:image\" content=\"https:\/\/restarted.hr\/wp-content\/uploads\/2022\/11\/filmsko-popodne-1.jpg\" \/>\n\t<meta property=\"og:image:width\" content=\"600\" \/>\n\t<meta property=\"og:image:height\" content=\"400\" \/>\n\t<meta property=\"og:image:type\" content=\"image\/jpeg\" \/>\n<meta name=\"twitter:card\" content=\"summary_large_image\" \/>\n<meta name=\"twitter:label1\" content=\"Est. reading time\" \/>\n\t<meta name=\"twitter:data1\" content=\"1 minute\" \/>\n<script type=\"application\/ld+json\" class=\"yoast-schema-graph\">{\"@context\":\"https:\/\/schema.org\",\"@graph\":[{\"@type\":\"WebPage\",\"@id\":\"https:\/\/restarted.hr\/edukacija\/filmsko-popodne-arhive-i-sjecanja\/\",\"url\":\"https:\/\/restarted.hr\/edukacija\/filmsko-popodne-arhive-i-sjecanja\/\",\"name\":\"Film Afternoon - Restart\",\"isPartOf\":{\"@id\":\"https:\/\/restarted.hr\/#website\"},\"primaryImageOfPage\":{\"@id\":\"https:\/\/restarted.hr\/edukacija\/filmsko-popodne-arhive-i-sjecanja\/#primaryimage\"},\"image\":{\"@id\":\"https:\/\/restarted.hr\/edukacija\/filmsko-popodne-arhive-i-sjecanja\/#primaryimage\"},\"thumbnailUrl\":\"https:\/\/restarted.hr\/wp-content\/uploads\/2022\/11\/filmsko-popodne-1.jpg\",\"datePublished\":\"2022-10-31T11:43:55+00:00\",\"dateModified\":\"2022-12-15T11:18:51+00:00\",\"description\":\"The Film Afternoon project is intended for elderly people - pensioners and users of homes for the elderly and infirm. In cooperation with city centers in\",\"breadcrumb\":{\"@id\":\"https:\/\/restarted.hr\/edukacija\/filmsko-popodne-arhive-i-sjecanja\/#breadcrumb\"},\"inLanguage\":\"en-US\",\"potentialAction\":[{\"@type\":\"ReadAction\",\"target\":[\"https:\/\/restarted.hr\/edukacija\/filmsko-popodne-arhive-i-sjecanja\/\"]}]},{\"@type\":\"ImageObject\",\"inLanguage\":\"en-US\",\"@id\":\"https:\/\/restarted.hr\/edukacija\/filmsko-popodne-arhive-i-sjecanja\/#primaryimage\",\"url\":\"https:\/\/restarted.hr\/wp-content\/uploads\/2022\/11\/filmsko-popodne-1.jpg\",\"contentUrl\":\"https:\/\/restarted.hr\/wp-content\/uploads\/2022\/11\/filmsko-popodne-1.jpg\",\"width\":600,\"height\":400},{\"@type\":\"BreadcrumbList\",\"@id\":\"https:\/\/restarted.hr\/edukacija\/filmsko-popodne-arhive-i-sjecanja\/#breadcrumb\",\"itemListElement\":[{\"@type\":\"ListItem\",\"position\":1,\"name\":\"Po\u010detna stranica\",\"item\":\"https:\/\/restarted.hr\/en\/\"},{\"@type\":\"ListItem\",\"position\":2,\"name\":\"Education\",\"item\":\"https:\/\/restarted.hr\/en\/education\/\"},{\"@type\":\"ListItem\",\"position\":3,\"name\":\"Film Afternoon\"}]},{\"@type\":\"WebSite\",\"@id\":\"https:\/\/restarted.hr\/#website\",\"url\":\"https:\/\/restarted.hr\/\",\"name\":\"Restart\",\"description\":\"\",\"publisher\":{\"@id\":\"https:\/\/restarted.hr\/#organization\"},\"potentialAction\":[{\"@type\":\"SearchAction\",\"target\":{\"@type\":\"EntryPoint\",\"urlTemplate\":\"https:\/\/restarted.hr\/?s={search_term_string}\"},\"query-input\":{\"@type\":\"PropertyValueSpecification\",\"valueRequired\":true,\"valueName\":\"search_term_string\"}}],\"inLanguage\":\"en-US\"},{\"@type\":\"Organization\",\"@id\":\"https:\/\/restarted.hr\/#organization\",\"name\":\"Restart\",\"url\":\"https:\/\/restarted.hr\/\",\"logo\":{\"@type\":\"ImageObject\",\"inLanguage\":\"en-US\",\"@id\":\"https:\/\/restarted.hr\/#\/schema\/logo\/image\/\",\"url\":\"https:\/\/restarted.hr\/wp-content\/uploads\/2021\/11\/restart-logo-og.png\",\"contentUrl\":\"https:\/\/restarted.hr\/wp-content\/uploads\/2021\/11\/restart-logo-og.png\",\"width\":600,\"height\":400,\"caption\":\"Restart\"},\"image\":{\"@id\":\"https:\/\/restarted.hr\/#\/schema\/logo\/image\/\"},\"sameAs\":[\"https:\/\/www.facebook.com\/RestartDocumentary\"]}]}<\/script>\n<!-- \/ Yoast SEO Premium plugin. -->","yoast_head_json":{"title":"Film Afternoon - Restart","description":"The Film Afternoon project is intended for elderly people - pensioners and users of homes for the elderly and infirm. In cooperation with city centers in","robots":{"index":"index","follow":"follow","max-snippet":"max-snippet:-1","max-image-preview":"max-image-preview:large","max-video-preview":"max-video-preview:-1"},"canonical":"https:\/\/restarted.hr\/edukacija\/filmsko-popodne-arhive-i-sjecanja\/","og_locale":"en_US","og_type":"article","og_title":"Film Afternoon","og_description":"The Film Afternoon project is intended for elderly people - pensioners and users of homes for the elderly and infirm. In cooperation with city centers in","og_url":"https:\/\/restarted.hr\/edukacija\/filmsko-popodne-arhive-i-sjecanja\/","og_site_name":"Restart","article_publisher":"https:\/\/www.facebook.com\/RestartDocumentary","article_modified_time":"2022-12-15T11:18:51+00:00","og_image":[{"width":600,"height":400,"url":"https:\/\/restarted.hr\/wp-content\/uploads\/2022\/11\/filmsko-popodne-1.jpg","type":"image\/jpeg"}],"twitter_card":"summary_large_image","twitter_misc":{"Est. reading time":"1 minute"},"schema":{"@context":"https:\/\/schema.org","@graph":[{"@type":"WebPage","@id":"https:\/\/restarted.hr\/edukacija\/filmsko-popodne-arhive-i-sjecanja\/","url":"https:\/\/restarted.hr\/edukacija\/filmsko-popodne-arhive-i-sjecanja\/","name":"Film Afternoon - Restart","isPartOf":{"@id":"https:\/\/restarted.hr\/#website"},"primaryImageOfPage":{"@id":"https:\/\/restarted.hr\/edukacija\/filmsko-popodne-arhive-i-sjecanja\/#primaryimage"},"image":{"@id":"https:\/\/restarted.hr\/edukacija\/filmsko-popodne-arhive-i-sjecanja\/#primaryimage"},"thumbnailUrl":"https:\/\/restarted.hr\/wp-content\/uploads\/2022\/11\/filmsko-popodne-1.jpg","datePublished":"2022-10-31T11:43:55+00:00","dateModified":"2022-12-15T11:18:51+00:00","description":"The Film Afternoon project is intended for elderly people - pensioners and users of homes for the elderly and infirm. In cooperation with city centers in","breadcrumb":{"@id":"https:\/\/restarted.hr\/edukacija\/filmsko-popodne-arhive-i-sjecanja\/#breadcrumb"},"inLanguage":"en-US","potentialAction":[{"@type":"ReadAction","target":["https:\/\/restarted.hr\/edukacija\/filmsko-popodne-arhive-i-sjecanja\/"]}]},{"@type":"ImageObject","inLanguage":"en-US","@id":"https:\/\/restarted.hr\/edukacija\/filmsko-popodne-arhive-i-sjecanja\/#primaryimage","url":"https:\/\/restarted.hr\/wp-content\/uploads\/2022\/11\/filmsko-popodne-1.jpg","contentUrl":"https:\/\/restarted.hr\/wp-content\/uploads\/2022\/11\/filmsko-popodne-1.jpg","width":600,"height":400},{"@type":"BreadcrumbList","@id":"https:\/\/restarted.hr\/edukacija\/filmsko-popodne-arhive-i-sjecanja\/#breadcrumb","itemListElement":[{"@type":"ListItem","position":1,"name":"Po\u010detna stranica","item":"https:\/\/restarted.hr\/en\/"},{"@type":"ListItem","position":2,"name":"Education","item":"https:\/\/restarted.hr\/en\/education\/"},{"@type":"ListItem","position":3,"name":"Film Afternoon"}]},{"@type":"WebSite","@id":"https:\/\/restarted.hr\/#website","url":"https:\/\/restarted.hr\/","name":"Restart","description":"","publisher":{"@id":"https:\/\/restarted.hr\/#organization"},"potentialAction":[{"@type":"SearchAction","target":{"@type":"EntryPoint","urlTemplate":"https:\/\/restarted.hr\/?s={search_term_string}"},"query-input":{"@type":"PropertyValueSpecification","valueRequired":true,"valueName":"search_term_string"}}],"inLanguage":"en-US"},{"@type":"Organization","@id":"https:\/\/restarted.hr\/#organization","name":"Restart","url":"https:\/\/restarted.hr\/","logo":{"@type":"ImageObject","inLanguage":"en-US","@id":"https:\/\/restarted.hr\/#\/schema\/logo\/image\/","url":"https:\/\/restarted.hr\/wp-content\/uploads\/2021\/11\/restart-logo-og.png","contentUrl":"https:\/\/restarted.hr\/wp-content\/uploads\/2021\/11\/restart-logo-og.png","width":600,"height":400,"caption":"Restart"},"image":{"@id":"https:\/\/restarted.hr\/#\/schema\/logo\/image\/"},"sameAs":["https:\/\/www.facebook.com\/RestartDocumentary"]}]}},"_links":{"self":[{"href":"https:\/\/restarted.hr\/en\/wp-json\/wp\/v2\/pages\/10215","targetHints":{"allow":["GET"]}}],"collection":[{"href":"https:\/\/restarted.hr\/en\/wp-json\/wp\/v2\/pages"}],"about":[{"href":"https:\/\/restarted.hr\/en\/wp-json\/wp\/v2\/types\/page"}],"author":[{"embeddable":true,"href":"https:\/\/restarted.hr\/en\/wp-json\/wp\/v2\/users\/2"}],"replies":[{"embeddable":true,"href":"https:\/\/restarted.hr\/en\/wp-json\/wp\/v2\/comments?post=10215"}],"version-history":[{"count":0,"href":"https:\/\/restarted.hr\/en\/wp-json\/wp\/v2\/pages\/10215\/revisions"}],"up":[{"embeddable":true,"href":"https:\/\/restarted.hr\/en\/wp-json\/wp\/v2\/pages\/4474"}],"wp:featuredmedia":[{"embeddable":true,"href":"https:\/\/restarted.hr\/en\/wp-json\/wp\/v2\/media\/10891"}],"wp:attachment":[{"href":"https:\/\/restarted.hr\/en\/wp-json\/wp\/v2\/media?parent=10215"}],"curies":[{"name":"wp","href":"https:\/\/api.w.org\/{rel}","templated":true}]}}