{"id":10279,"date":"2022-11-01T09:21:23","date_gmt":"2022-11-01T08:21:23","guid":{"rendered":"https:\/\/restarted.hr\/?page_id=10279"},"modified":"2023-01-17T21:07:44","modified_gmt":"2023-01-17T20:07:44","slug":"think-with-film","status":"publish","type":"page","link":"https:\/\/restarted.hr\/en\/education\/think-with-film\/","title":{"rendered":"Think With Film"},"content":{"rendered":"<p>The <span style=\"text-decoration: underline;\"><a href=\"https:\/\/web.facebook.com\/profile.php?id=100088332489439\"><strong>Think With Film<\/strong><\/a><\/span> project is based on a project partnership with educational institutions in Croatia and civil society organizations with the aim of more active inclusion of non-institutional education in educational processes and a greater role of informal education in supplementing official school curricula.<\/p>\n<p>The program is performed in two parts. The first part consists of screenings of documentary films, analyzes and discussions of valuable and award-winning films, with which we want to educate and empower young people in the areas of personal and social development, solidarity and general human values. At the same time, students learn to think, critically evaluate and analyze the medium of film. The second part of the program includes several modules of multi-day mobile journalism workshops with an emphasis on media literacy. Workshops enable students to better understand media content, critical analysis and participation in the production of media content. Through the creation of their own video content, they make an author&#8217;s contribution to the topics they were previously introduced to through the projection of a documentary film, analysis and discussion.<\/p>\n<p>Civil society organizations with which we have cooperated so far: Center for Peace Studies, Green Action, Brave Telephone, Right to the City, Roma Youth Organization of Croatia, Center for Eating Disorders BEA and others.<\/p>\n<p>Educational institutions with which we have cooperated so far: X. gymnasium &#8220;Ivan Supek&#8221; (Zagreb), XIII. high school (Zagreb), School of Art, Design, Graphics and Clothing (Zabok), Petrinja High School, Vladimir Nazor High School (Zadar), Mate Bla\u017eina High School (Labin), XVI High School (Zagreb), Dr. Ahmed Smajlovi\u0107 Islamic High School (Zagreb) and Electrical Engineering School Vara\u017edin.<\/p>\n","protected":false},"excerpt":{"rendered":"<p>The Think With Film project is based on a project partnership with educational institutions in Croatia and civil society organizations with the aim of more active inclusion of non-institutional education in educational processes and a greater role of informal education in supplementing official school curricula. The program is performed in two parts. The first part<\/p>\n","protected":false},"author":1,"featured_media":10888,"parent":4474,"menu_order":0,"comment_status":"closed","ping_status":"closed","template":"","meta":{"_acf_changed":false,"footnotes":""},"class_list":["post-10279","page","type-page","status-publish","has-post-thumbnail"],"acf":[],"yoast_head":"<!-- This site is optimized with the Yoast SEO Premium plugin v25.4 (Yoast SEO v26.5) - https:\/\/yoast.com\/wordpress\/plugins\/seo\/ -->\n<title>Think With Film - Restart<\/title>\n<meta name=\"description\" content=\"The Think With Film project is based on a project partnership with educational institutions in Croatia and civil society organizations with the aim of\" \/>\n<meta name=\"robots\" content=\"index, follow, max-snippet:-1, max-image-preview:large, max-video-preview:-1\" \/>\n<link rel=\"canonical\" href=\"https:\/\/restarted.hr\/edukacija\/razmisljaj-filmom\/\" \/>\n<meta property=\"og:locale\" content=\"en_US\" \/>\n<meta property=\"og:type\" content=\"article\" \/>\n<meta property=\"og:title\" content=\"Think With Film\" \/>\n<meta property=\"og:description\" content=\"The Think With Film project is based on a project partnership with educational institutions in Croatia and civil society organizations with the aim of\" \/>\n<meta property=\"og:url\" content=\"https:\/\/restarted.hr\/edukacija\/razmisljaj-filmom\/\" \/>\n<meta property=\"og:site_name\" content=\"Restart\" \/>\n<meta property=\"article:publisher\" content=\"https:\/\/www.facebook.com\/RestartDocumentary\" \/>\n<meta property=\"article:modified_time\" content=\"2023-01-17T20:07:44+00:00\" \/>\n<meta property=\"og:image\" content=\"https:\/\/restarted.hr\/wp-content\/uploads\/2022\/11\/razmisljaj-filmom.jpg\" \/>\n\t<meta property=\"og:image:width\" content=\"600\" \/>\n\t<meta property=\"og:image:height\" content=\"400\" \/>\n\t<meta property=\"og:image:type\" content=\"image\/jpeg\" \/>\n<meta name=\"twitter:card\" content=\"summary_large_image\" \/>\n<meta name=\"twitter:label1\" content=\"Est. reading time\" \/>\n\t<meta name=\"twitter:data1\" content=\"1 minute\" \/>\n<script type=\"application\/ld+json\" class=\"yoast-schema-graph\">{\"@context\":\"https:\/\/schema.org\",\"@graph\":[{\"@type\":\"WebPage\",\"@id\":\"https:\/\/restarted.hr\/edukacija\/razmisljaj-filmom\/\",\"url\":\"https:\/\/restarted.hr\/edukacija\/razmisljaj-filmom\/\",\"name\":\"Think With Film - Restart\",\"isPartOf\":{\"@id\":\"https:\/\/restarted.hr\/#website\"},\"primaryImageOfPage\":{\"@id\":\"https:\/\/restarted.hr\/edukacija\/razmisljaj-filmom\/#primaryimage\"},\"image\":{\"@id\":\"https:\/\/restarted.hr\/edukacija\/razmisljaj-filmom\/#primaryimage\"},\"thumbnailUrl\":\"https:\/\/restarted.hr\/wp-content\/uploads\/2022\/11\/razmisljaj-filmom.jpg\",\"datePublished\":\"2022-11-01T08:21:23+00:00\",\"dateModified\":\"2023-01-17T20:07:44+00:00\",\"description\":\"The Think With Film project is based on a project partnership with educational institutions in Croatia and civil society organizations with the aim of\",\"breadcrumb\":{\"@id\":\"https:\/\/restarted.hr\/edukacija\/razmisljaj-filmom\/#breadcrumb\"},\"inLanguage\":\"en-US\",\"potentialAction\":[{\"@type\":\"ReadAction\",\"target\":[\"https:\/\/restarted.hr\/edukacija\/razmisljaj-filmom\/\"]}]},{\"@type\":\"ImageObject\",\"inLanguage\":\"en-US\",\"@id\":\"https:\/\/restarted.hr\/edukacija\/razmisljaj-filmom\/#primaryimage\",\"url\":\"https:\/\/restarted.hr\/wp-content\/uploads\/2022\/11\/razmisljaj-filmom.jpg\",\"contentUrl\":\"https:\/\/restarted.hr\/wp-content\/uploads\/2022\/11\/razmisljaj-filmom.jpg\",\"width\":600,\"height\":400},{\"@type\":\"BreadcrumbList\",\"@id\":\"https:\/\/restarted.hr\/edukacija\/razmisljaj-filmom\/#breadcrumb\",\"itemListElement\":[{\"@type\":\"ListItem\",\"position\":1,\"name\":\"Po\u010detna stranica\",\"item\":\"https:\/\/restarted.hr\/en\/\"},{\"@type\":\"ListItem\",\"position\":2,\"name\":\"Education\",\"item\":\"https:\/\/restarted.hr\/en\/education\/\"},{\"@type\":\"ListItem\",\"position\":3,\"name\":\"Think With Film\"}]},{\"@type\":\"WebSite\",\"@id\":\"https:\/\/restarted.hr\/#website\",\"url\":\"https:\/\/restarted.hr\/\",\"name\":\"Restart\",\"description\":\"\",\"publisher\":{\"@id\":\"https:\/\/restarted.hr\/#organization\"},\"potentialAction\":[{\"@type\":\"SearchAction\",\"target\":{\"@type\":\"EntryPoint\",\"urlTemplate\":\"https:\/\/restarted.hr\/?s={search_term_string}\"},\"query-input\":{\"@type\":\"PropertyValueSpecification\",\"valueRequired\":true,\"valueName\":\"search_term_string\"}}],\"inLanguage\":\"en-US\"},{\"@type\":\"Organization\",\"@id\":\"https:\/\/restarted.hr\/#organization\",\"name\":\"Restart\",\"url\":\"https:\/\/restarted.hr\/\",\"logo\":{\"@type\":\"ImageObject\",\"inLanguage\":\"en-US\",\"@id\":\"https:\/\/restarted.hr\/#\/schema\/logo\/image\/\",\"url\":\"https:\/\/restarted.hr\/wp-content\/uploads\/2021\/11\/restart-logo-og.png\",\"contentUrl\":\"https:\/\/restarted.hr\/wp-content\/uploads\/2021\/11\/restart-logo-og.png\",\"width\":600,\"height\":400,\"caption\":\"Restart\"},\"image\":{\"@id\":\"https:\/\/restarted.hr\/#\/schema\/logo\/image\/\"},\"sameAs\":[\"https:\/\/www.facebook.com\/RestartDocumentary\"]}]}<\/script>\n<!-- \/ Yoast SEO Premium plugin. -->","yoast_head_json":{"title":"Think With Film - Restart","description":"The Think With Film project is based on a project partnership with educational institutions in Croatia and civil society organizations with the aim of","robots":{"index":"index","follow":"follow","max-snippet":"max-snippet:-1","max-image-preview":"max-image-preview:large","max-video-preview":"max-video-preview:-1"},"canonical":"https:\/\/restarted.hr\/edukacija\/razmisljaj-filmom\/","og_locale":"en_US","og_type":"article","og_title":"Think With Film","og_description":"The Think With Film project is based on a project partnership with educational institutions in Croatia and civil society organizations with the aim of","og_url":"https:\/\/restarted.hr\/edukacija\/razmisljaj-filmom\/","og_site_name":"Restart","article_publisher":"https:\/\/www.facebook.com\/RestartDocumentary","article_modified_time":"2023-01-17T20:07:44+00:00","og_image":[{"width":600,"height":400,"url":"https:\/\/restarted.hr\/wp-content\/uploads\/2022\/11\/razmisljaj-filmom.jpg","type":"image\/jpeg"}],"twitter_card":"summary_large_image","twitter_misc":{"Est. reading time":"1 minute"},"schema":{"@context":"https:\/\/schema.org","@graph":[{"@type":"WebPage","@id":"https:\/\/restarted.hr\/edukacija\/razmisljaj-filmom\/","url":"https:\/\/restarted.hr\/edukacija\/razmisljaj-filmom\/","name":"Think With Film - Restart","isPartOf":{"@id":"https:\/\/restarted.hr\/#website"},"primaryImageOfPage":{"@id":"https:\/\/restarted.hr\/edukacija\/razmisljaj-filmom\/#primaryimage"},"image":{"@id":"https:\/\/restarted.hr\/edukacija\/razmisljaj-filmom\/#primaryimage"},"thumbnailUrl":"https:\/\/restarted.hr\/wp-content\/uploads\/2022\/11\/razmisljaj-filmom.jpg","datePublished":"2022-11-01T08:21:23+00:00","dateModified":"2023-01-17T20:07:44+00:00","description":"The Think With Film project is based on a project partnership with educational institutions in Croatia and civil society organizations with the aim of","breadcrumb":{"@id":"https:\/\/restarted.hr\/edukacija\/razmisljaj-filmom\/#breadcrumb"},"inLanguage":"en-US","potentialAction":[{"@type":"ReadAction","target":["https:\/\/restarted.hr\/edukacija\/razmisljaj-filmom\/"]}]},{"@type":"ImageObject","inLanguage":"en-US","@id":"https:\/\/restarted.hr\/edukacija\/razmisljaj-filmom\/#primaryimage","url":"https:\/\/restarted.hr\/wp-content\/uploads\/2022\/11\/razmisljaj-filmom.jpg","contentUrl":"https:\/\/restarted.hr\/wp-content\/uploads\/2022\/11\/razmisljaj-filmom.jpg","width":600,"height":400},{"@type":"BreadcrumbList","@id":"https:\/\/restarted.hr\/edukacija\/razmisljaj-filmom\/#breadcrumb","itemListElement":[{"@type":"ListItem","position":1,"name":"Po\u010detna stranica","item":"https:\/\/restarted.hr\/en\/"},{"@type":"ListItem","position":2,"name":"Education","item":"https:\/\/restarted.hr\/en\/education\/"},{"@type":"ListItem","position":3,"name":"Think With Film"}]},{"@type":"WebSite","@id":"https:\/\/restarted.hr\/#website","url":"https:\/\/restarted.hr\/","name":"Restart","description":"","publisher":{"@id":"https:\/\/restarted.hr\/#organization"},"potentialAction":[{"@type":"SearchAction","target":{"@type":"EntryPoint","urlTemplate":"https:\/\/restarted.hr\/?s={search_term_string}"},"query-input":{"@type":"PropertyValueSpecification","valueRequired":true,"valueName":"search_term_string"}}],"inLanguage":"en-US"},{"@type":"Organization","@id":"https:\/\/restarted.hr\/#organization","name":"Restart","url":"https:\/\/restarted.hr\/","logo":{"@type":"ImageObject","inLanguage":"en-US","@id":"https:\/\/restarted.hr\/#\/schema\/logo\/image\/","url":"https:\/\/restarted.hr\/wp-content\/uploads\/2021\/11\/restart-logo-og.png","contentUrl":"https:\/\/restarted.hr\/wp-content\/uploads\/2021\/11\/restart-logo-og.png","width":600,"height":400,"caption":"Restart"},"image":{"@id":"https:\/\/restarted.hr\/#\/schema\/logo\/image\/"},"sameAs":["https:\/\/www.facebook.com\/RestartDocumentary"]}]}},"_links":{"self":[{"href":"https:\/\/restarted.hr\/en\/wp-json\/wp\/v2\/pages\/10279","targetHints":{"allow":["GET"]}}],"collection":[{"href":"https:\/\/restarted.hr\/en\/wp-json\/wp\/v2\/pages"}],"about":[{"href":"https:\/\/restarted.hr\/en\/wp-json\/wp\/v2\/types\/page"}],"author":[{"embeddable":true,"href":"https:\/\/restarted.hr\/en\/wp-json\/wp\/v2\/users\/1"}],"replies":[{"embeddable":true,"href":"https:\/\/restarted.hr\/en\/wp-json\/wp\/v2\/comments?post=10279"}],"version-history":[{"count":0,"href":"https:\/\/restarted.hr\/en\/wp-json\/wp\/v2\/pages\/10279\/revisions"}],"up":[{"embeddable":true,"href":"https:\/\/restarted.hr\/en\/wp-json\/wp\/v2\/pages\/4474"}],"wp:featuredmedia":[{"embeddable":true,"href":"https:\/\/restarted.hr\/en\/wp-json\/wp\/v2\/media\/10888"}],"wp:attachment":[{"href":"https:\/\/restarted.hr\/en\/wp-json\/wp\/v2\/media?parent=10279"}],"curies":[{"name":"wp","href":"https:\/\/api.w.org\/{rel}","templated":true}]}}