{"id":16747,"date":"2023-12-14T12:02:38","date_gmt":"2023-12-14T11:02:38","guid":{"rendered":"https:\/\/restarted.hr\/restart-label\/organiziraj-projekciju\/"},"modified":"2024-09-24T07:59:05","modified_gmt":"2024-09-24T05:59:05","slug":"organise-a-screening","status":"publish","type":"page","link":"https:\/\/restarted.hr\/en\/restart-label\/organise-a-screening\/","title":{"rendered":"Organise a screening"},"content":{"rendered":"<p>Ukoliko \u017eelite prikazati filmove iz na\u0161e distribucije u va\u0161em gradu, molimo da nam se javite s prijedlogom datuma, prostora u kojemu bi prikazivali film(ove) i specifi\u010dnim opisom doga\u0111anja (npr. festival, revija filmova, posebno doga\u0111anje, \u0161kolska projekcija, standardna projekcija\u2026) te naravno koji vas filmovi zanimaju iz na\u0161eg kataloga.<\/p>\n<p>Svi filmovi titlovani su na hrvatski, ukoliko nisu na razumljivim ex-Yu jezicima. Ukoliko \u017eelite prikazati film s engleskim titlovima (ili s oba, engleskim i hrvatskim), molimo da to nazna\u010dite.<\/p>\n<p>Svi filmovi dostupni su u mp4 i DCP izdanju.<\/p>\n<p>Za ve\u0107inu filmova dostupni su i posebni promotivni materijali: plakati (B1, B2), traileri, dodatni press i promotivni materijali.<\/p>\n<p>Za sve upite i informacije mo\u017eete se javiti koordinatorici kino distribucije na e-mail\u00a0<a href=\"mailto:marcella@restarted.hr\">marcella@restarted.hr.<\/a><\/p>\n","protected":false},"excerpt":{"rendered":"<p>Ukoliko \u017eelite prikazati filmove iz na\u0161e distribucije u va\u0161em gradu, molimo da nam se javite s prijedlogom datuma, prostora u kojemu bi prikazivali film(ove) i specifi\u010dnim opisom doga\u0111anja (npr. festival, revija filmova, posebno doga\u0111anje, \u0161kolska projekcija, standardna projekcija\u2026) te naravno koji vas filmovi zanimaju iz na\u0161eg kataloga. Svi filmovi titlovani su na hrvatski, ukoliko nisu<\/p>\n","protected":false},"author":1,"featured_media":0,"parent":16744,"menu_order":0,"comment_status":"closed","ping_status":"closed","template":"","meta":{"_acf_changed":false,"footnotes":""},"class_list":["post-16747","page","type-page","status-publish"],"acf":[],"yoast_head":"<!-- This site is optimized with the Yoast SEO Premium plugin v25.4 (Yoast SEO v26.5) - https:\/\/yoast.com\/wordpress\/plugins\/seo\/ -->\n<title>Organise a screening - Restart<\/title>\n<meta name=\"description\" content=\"Ukoliko \u017eelite prikazati filmove iz na\u0161e distribucije u va\u0161em gradu, molimo da nam se javite s prijedlogom datuma, prostora u kojemu bi prikazivali\" \/>\n<meta name=\"robots\" content=\"index, follow, max-snippet:-1, max-image-preview:large, max-video-preview:-1\" \/>\n<link rel=\"canonical\" href=\"https:\/\/restarted.hr\/en\/restart-label\/organise-a-screening\/\" \/>\n<meta property=\"og:locale\" content=\"en_US\" \/>\n<meta property=\"og:type\" content=\"article\" \/>\n<meta property=\"og:title\" content=\"Organise a screening\" \/>\n<meta property=\"og:description\" content=\"Ukoliko \u017eelite prikazati filmove iz na\u0161e distribucije u va\u0161em gradu, molimo da nam se javite s prijedlogom datuma, prostora u kojemu bi prikazivali\" \/>\n<meta property=\"og:url\" content=\"https:\/\/restarted.hr\/en\/restart-label\/organise-a-screening\/\" \/>\n<meta property=\"og:site_name\" content=\"Restart\" \/>\n<meta property=\"article:publisher\" content=\"https:\/\/www.facebook.com\/RestartDocumentary\" \/>\n<meta property=\"article:modified_time\" content=\"2024-09-24T05:59:05+00:00\" \/>\n<meta property=\"og:image\" content=\"https:\/\/restarted.hr\/wp-content\/uploads\/2021\/11\/restart-logo-og.png\" \/>\n\t<meta property=\"og:image:width\" content=\"600\" \/>\n\t<meta property=\"og:image:height\" content=\"400\" \/>\n\t<meta property=\"og:image:type\" content=\"image\/png\" \/>\n<meta name=\"twitter:card\" content=\"summary_large_image\" \/>\n<meta name=\"twitter:label1\" content=\"Est. reading time\" \/>\n\t<meta name=\"twitter:data1\" content=\"1 minute\" \/>\n<script type=\"application\/ld+json\" class=\"yoast-schema-graph\">{\"@context\":\"https:\/\/schema.org\",\"@graph\":[{\"@type\":\"WebPage\",\"@id\":\"https:\/\/restarted.hr\/en\/restart-label\/organise-a-screening\/\",\"url\":\"https:\/\/restarted.hr\/en\/restart-label\/organise-a-screening\/\",\"name\":\"Organise a screening - Restart\",\"isPartOf\":{\"@id\":\"https:\/\/restarted.hr\/#website\"},\"datePublished\":\"2023-12-14T11:02:38+00:00\",\"dateModified\":\"2024-09-24T05:59:05+00:00\",\"description\":\"Ukoliko \u017eelite prikazati filmove iz na\u0161e distribucije u va\u0161em gradu, molimo da nam se javite s prijedlogom datuma, prostora u kojemu bi prikazivali\",\"breadcrumb\":{\"@id\":\"https:\/\/restarted.hr\/en\/restart-label\/organise-a-screening\/#breadcrumb\"},\"inLanguage\":\"en-US\",\"potentialAction\":[{\"@type\":\"ReadAction\",\"target\":[\"https:\/\/restarted.hr\/en\/restart-label\/organise-a-screening\/\"]}]},{\"@type\":\"BreadcrumbList\",\"@id\":\"https:\/\/restarted.hr\/en\/restart-label\/organise-a-screening\/#breadcrumb\",\"itemListElement\":[{\"@type\":\"ListItem\",\"position\":1,\"name\":\"Po\u010detna stranica\",\"item\":\"https:\/\/restarted.hr\/en\/\"},{\"@type\":\"ListItem\",\"position\":2,\"name\":\"Label\",\"item\":\"https:\/\/restarted.hr\/en\/restart-label\/\"},{\"@type\":\"ListItem\",\"position\":3,\"name\":\"Organise a screening\"}]},{\"@type\":\"WebSite\",\"@id\":\"https:\/\/restarted.hr\/#website\",\"url\":\"https:\/\/restarted.hr\/\",\"name\":\"Restart\",\"description\":\"\",\"publisher\":{\"@id\":\"https:\/\/restarted.hr\/#organization\"},\"potentialAction\":[{\"@type\":\"SearchAction\",\"target\":{\"@type\":\"EntryPoint\",\"urlTemplate\":\"https:\/\/restarted.hr\/?s={search_term_string}\"},\"query-input\":{\"@type\":\"PropertyValueSpecification\",\"valueRequired\":true,\"valueName\":\"search_term_string\"}}],\"inLanguage\":\"en-US\"},{\"@type\":\"Organization\",\"@id\":\"https:\/\/restarted.hr\/#organization\",\"name\":\"Restart\",\"url\":\"https:\/\/restarted.hr\/\",\"logo\":{\"@type\":\"ImageObject\",\"inLanguage\":\"en-US\",\"@id\":\"https:\/\/restarted.hr\/#\/schema\/logo\/image\/\",\"url\":\"https:\/\/restarted.hr\/wp-content\/uploads\/2021\/11\/restart-logo-og.png\",\"contentUrl\":\"https:\/\/restarted.hr\/wp-content\/uploads\/2021\/11\/restart-logo-og.png\",\"width\":600,\"height\":400,\"caption\":\"Restart\"},\"image\":{\"@id\":\"https:\/\/restarted.hr\/#\/schema\/logo\/image\/\"},\"sameAs\":[\"https:\/\/www.facebook.com\/RestartDocumentary\"]}]}<\/script>\n<!-- \/ Yoast SEO Premium plugin. -->","yoast_head_json":{"title":"Organise a screening - Restart","description":"Ukoliko \u017eelite prikazati filmove iz na\u0161e distribucije u va\u0161em gradu, molimo da nam se javite s prijedlogom datuma, prostora u kojemu bi prikazivali","robots":{"index":"index","follow":"follow","max-snippet":"max-snippet:-1","max-image-preview":"max-image-preview:large","max-video-preview":"max-video-preview:-1"},"canonical":"https:\/\/restarted.hr\/en\/restart-label\/organise-a-screening\/","og_locale":"en_US","og_type":"article","og_title":"Organise a screening","og_description":"Ukoliko \u017eelite prikazati filmove iz na\u0161e distribucije u va\u0161em gradu, molimo da nam se javite s prijedlogom datuma, prostora u kojemu bi prikazivali","og_url":"https:\/\/restarted.hr\/en\/restart-label\/organise-a-screening\/","og_site_name":"Restart","article_publisher":"https:\/\/www.facebook.com\/RestartDocumentary","article_modified_time":"2024-09-24T05:59:05+00:00","og_image":[{"width":600,"height":400,"url":"https:\/\/restarted.hr\/wp-content\/uploads\/2021\/11\/restart-logo-og.png","type":"image\/png"}],"twitter_card":"summary_large_image","twitter_misc":{"Est. reading time":"1 minute"},"schema":{"@context":"https:\/\/schema.org","@graph":[{"@type":"WebPage","@id":"https:\/\/restarted.hr\/en\/restart-label\/organise-a-screening\/","url":"https:\/\/restarted.hr\/en\/restart-label\/organise-a-screening\/","name":"Organise a screening - Restart","isPartOf":{"@id":"https:\/\/restarted.hr\/#website"},"datePublished":"2023-12-14T11:02:38+00:00","dateModified":"2024-09-24T05:59:05+00:00","description":"Ukoliko \u017eelite prikazati filmove iz na\u0161e distribucije u va\u0161em gradu, molimo da nam se javite s prijedlogom datuma, prostora u kojemu bi prikazivali","breadcrumb":{"@id":"https:\/\/restarted.hr\/en\/restart-label\/organise-a-screening\/#breadcrumb"},"inLanguage":"en-US","potentialAction":[{"@type":"ReadAction","target":["https:\/\/restarted.hr\/en\/restart-label\/organise-a-screening\/"]}]},{"@type":"BreadcrumbList","@id":"https:\/\/restarted.hr\/en\/restart-label\/organise-a-screening\/#breadcrumb","itemListElement":[{"@type":"ListItem","position":1,"name":"Po\u010detna stranica","item":"https:\/\/restarted.hr\/en\/"},{"@type":"ListItem","position":2,"name":"Label","item":"https:\/\/restarted.hr\/en\/restart-label\/"},{"@type":"ListItem","position":3,"name":"Organise a screening"}]},{"@type":"WebSite","@id":"https:\/\/restarted.hr\/#website","url":"https:\/\/restarted.hr\/","name":"Restart","description":"","publisher":{"@id":"https:\/\/restarted.hr\/#organization"},"potentialAction":[{"@type":"SearchAction","target":{"@type":"EntryPoint","urlTemplate":"https:\/\/restarted.hr\/?s={search_term_string}"},"query-input":{"@type":"PropertyValueSpecification","valueRequired":true,"valueName":"search_term_string"}}],"inLanguage":"en-US"},{"@type":"Organization","@id":"https:\/\/restarted.hr\/#organization","name":"Restart","url":"https:\/\/restarted.hr\/","logo":{"@type":"ImageObject","inLanguage":"en-US","@id":"https:\/\/restarted.hr\/#\/schema\/logo\/image\/","url":"https:\/\/restarted.hr\/wp-content\/uploads\/2021\/11\/restart-logo-og.png","contentUrl":"https:\/\/restarted.hr\/wp-content\/uploads\/2021\/11\/restart-logo-og.png","width":600,"height":400,"caption":"Restart"},"image":{"@id":"https:\/\/restarted.hr\/#\/schema\/logo\/image\/"},"sameAs":["https:\/\/www.facebook.com\/RestartDocumentary"]}]}},"_links":{"self":[{"href":"https:\/\/restarted.hr\/en\/wp-json\/wp\/v2\/pages\/16747","targetHints":{"allow":["GET"]}}],"collection":[{"href":"https:\/\/restarted.hr\/en\/wp-json\/wp\/v2\/pages"}],"about":[{"href":"https:\/\/restarted.hr\/en\/wp-json\/wp\/v2\/types\/page"}],"author":[{"embeddable":true,"href":"https:\/\/restarted.hr\/en\/wp-json\/wp\/v2\/users\/1"}],"replies":[{"embeddable":true,"href":"https:\/\/restarted.hr\/en\/wp-json\/wp\/v2\/comments?post=16747"}],"version-history":[{"count":0,"href":"https:\/\/restarted.hr\/en\/wp-json\/wp\/v2\/pages\/16747\/revisions"}],"up":[{"embeddable":true,"href":"https:\/\/restarted.hr\/en\/wp-json\/wp\/v2\/pages\/16744"}],"wp:attachment":[{"href":"https:\/\/restarted.hr\/en\/wp-json\/wp\/v2\/media?parent=16747"}],"curies":[{"name":"wp","href":"https:\/\/api.w.org\/{rel}","templated":true}]}}