{"id":4482,"date":"2021-09-19T09:41:36","date_gmt":"2021-09-19T07:41:36","guid":{"rendered":"https:\/\/restarted.hr\/?page_id=4482"},"modified":"2026-03-24T14:51:07","modified_gmt":"2026-03-24T13:51:07","slug":"contact","status":"publish","type":"page","link":"https:\/\/restarted.hr\/en\/contact\/","title":{"rendered":"Contact"},"content":{"rendered":"\t\t<div data-elementor-type=\"wp-page\" data-elementor-id=\"4482\" class=\"elementor elementor-4482 elementor-3238\" data-elementor-post-type=\"page\">\n\t\t\t\t\t\t<section class=\"elementor-section elementor-top-section elementor-element elementor-element-7c91ea8 elementor-section-boxed elementor-section-height-default elementor-section-height-default\" data-id=\"7c91ea8\" data-element_type=\"section\">\n\t\t\t\t\t\t<div class=\"elementor-container elementor-column-gap-default\">\n\t\t\t\t\t<div class=\"elementor-column elementor-col-100 elementor-top-column elementor-element elementor-element-2b2d994c\" data-id=\"2b2d994c\" data-element_type=\"column\">\n\t\t\t<div class=\"elementor-widget-wrap elementor-element-populated\">\n\t\t\t\t\t\t<section class=\"elementor-section elementor-inner-section elementor-element elementor-element-beeaeea elementor-section-boxed elementor-section-height-default elementor-section-height-default\" data-id=\"beeaeea\" data-element_type=\"section\">\n\t\t\t\t\t\t<div class=\"elementor-container elementor-column-gap-default\">\n\t\t\t\t\t<div class=\"elementor-column elementor-col-50 elementor-inner-column elementor-element elementor-element-52caf5f\" data-id=\"52caf5f\" data-element_type=\"column\">\n\t\t\t<div class=\"elementor-widget-wrap elementor-element-populated\">\n\t\t\t\t\t\t<div class=\"elementor-element elementor-element-b000e9b elementor-widget elementor-widget-text-editor\" data-id=\"b000e9b\" data-element_type=\"widget\" data-widget_type=\"text-editor.default\">\n\t\t\t\t<div class=\"elementor-widget-container\">\n\t\t\t\t\t\t\t\t\t<p><strong>RESTART<br><\/strong>Trg Vladka Ma\u010deka 1<br>10000 Zagreb<br>Hrvatska \/ Croatia<br>e-mail: <a href=\"mailto:restart@restarted.hr\">restart@restarted.hr<\/a><br>phone: +385 (0) 1 2345 654<\/p>\n<div>OIB: 65917862963<\/div>\n<div>VAT: HR65917862963<\/div>\n<div dir=\"ltr\">MB: 02222043<\/div>\n<div>IBAN:&nbsp;HR1023600001101960930,&nbsp;<wbr>Zagreba\u010dka banka<\/div>\n<div dir=\"ltr\">SWIFT: ZABAHR2X<\/div>\n<div dir=\"ltr\">&nbsp;<\/div>\n<div dir=\"ltr\">&nbsp;<\/div>\n<p><b>PRODUCTION &amp; RESTART LABORATORY<\/b><br>Vanja Jambrovi\u0107<br>Producer<br>e-mail: <a href=\"mailto:laboratorij@restarted.hr\">laboratorij@restarted.hr<\/a>, <a href=\"mailto:vanja@restarted.hr\">vanja@restarted.hr<\/a><br>cell: +385(0) 91 89 30 675<\/p>\n<p>Oliver Serti\u0107<br>Producer<br>e-mail: <a href=\"mailto:oliver@restarted.hr\">oliver@restarted.hr<\/a><br>cell: +385 (0) 91 531 52 05<\/p>\n<p><b>EDUCATION &amp; SCHOOL OF DOCUMENTARY FILM<br><\/b><span style=\"font-family: Rubik, system-ui, -apple-system, 'Segoe UI', Arial, sans-serif; font-size: 14px;\">Branka \u0160amija<\/span><br>Manager of educational programs<br><span style=\"font-family: Rubik, system-ui, -apple-system, 'Segoe UI', Arial, sans-serif; font-size: 14px;\">e-mail:&nbsp;<\/span><a style=\"font-size: 14px; font-family: Rubik, system-ui, -apple-system, 'Segoe UI', Arial, sans-serif;\" href=\"mailto:branka@restarted.hr\">branka@restarted.hr<\/a><br><span style=\"font-family: Rubik, system-ui, -apple-system, 'Segoe UI', Arial, sans-serif; font-size: 14px;\">tel: +385 (0) 91 7964 924<\/span><\/p>\n<p>Ana Hu\u0161man<br>Program advisor<br>e-mail: <a href=\"mailto:ana.husman@gmail.com\">ana.husman@gmail.com<\/a><\/p>\t\t\t\t\t\t\t\t<\/div>\n\t\t\t\t<\/div>\n\t\t\t\t\t<\/div>\n\t\t<\/div>\n\t\t\t\t<div class=\"elementor-column elementor-col-50 elementor-inner-column elementor-element elementor-element-3e7879a\" data-id=\"3e7879a\" data-element_type=\"column\">\n\t\t\t<div class=\"elementor-widget-wrap elementor-element-populated\">\n\t\t\t\t\t\t<div class=\"elementor-element elementor-element-a2e3611 elementor-widget elementor-widget-text-editor\" data-id=\"a2e3611\" data-element_type=\"widget\" data-widget_type=\"text-editor.default\">\n\t\t\t\t<div class=\"elementor-widget-container\">\n\t\t\t\t\t\t\t\t\t<p><b>RESTART LABEL \/ DISTRIBUTION<br \/><\/b><span style=\"font-size: 14px;\">Petra Babi\u0107<br \/><\/span><span style=\"font-size: 14px;\">Distribution coordinator<br \/><\/span><span style=\"font-size: 14px;\">e-mail: <\/span><a style=\"font-size: 14px;\" href=\"mailto:distribucija@restartlabel.net\">distribucija@restartlabel.net<\/a><br \/><span style=\"font-size: 14px;\">cell: +385 (0) 91 176 7031<\/span><\/p><p><span style=\"font-family: Rubik, system-ui, -apple-system, 'Segoe UI', Arial, sans-serif; font-size: 14px;\">Klara Berdais<\/span><br \/><span style=\"font-family: Rubik, system-ui, -apple-system, 'Segoe UI', Arial, sans-serif; font-size: 14px;\">Theatrical distribution coordinator<\/span><br \/><span style=\"font-family: Rubik, system-ui, -apple-system, 'Segoe UI', Arial, sans-serif; font-size: 14px;\">e-mail:\u00a0<\/span><a href=\"mailto:klara@restarted.hr\" target=\"_blank\" rel=\"noopener\">klara@restarted.hr<\/a><br \/><span style=\"font-family: Rubik, system-ui, -apple-system, 'Segoe UI', Arial, sans-serif; font-size: 14px;\">cell: +385 (0) 97 7653 441<\/span><\/p><p>Marcella Jeli\u0107<br \/>Distribution associate<br \/>e-mail:\u00a0<a href=\"mailto:marcella@restarted.hr\">marcella@restarted.hr<\/a><br \/>cell: +385 (0) 99 311 3402<\/p><p><strong>DOKUKINO<\/strong><br \/>Dina Pokrajac<br \/>Dokukino coordinator<br \/>e-mail: <a href=\"mailto:info@dokukino.net\">info@dokukino.net<\/a>, <a href=\"mailto:dokukino@restarted.hr\">dokukino@restarted.hr<\/a><br \/>cell: +385 (0) 98 1654 612<\/p><p><b>OFFICE AND FINANCES<br \/><\/b>Zrinka Ko\u0161ar<br \/>e-mail: <a href=\"mailto:zrinka@restarted.hr\">zrinka@restarted.hr<\/a><\/p><p><span style=\"font-size: 14px; font-family: Rubik, system-ui, -apple-system, 'Segoe UI', Arial, sans-serif; font-weight: bold;\">PUBLIC RELATIONS<br \/><\/span><span style=\"font-family: Rubik, system-ui, -apple-system, 'Segoe UI', Arial, sans-serif; font-size: 14px;\">Ivana Sansevi\u0107<\/span><br \/><span style=\"font-family: Rubik, system-ui, -apple-system, 'Segoe UI', Arial, sans-serif; font-size: 14px;\">e-mail:\u00a0<\/span><a style=\"font-size: 14px;\" href=\"mailto:ivana.sansevic@gmail.com\" target=\"_blank\" rel=\"noopener\">ivana.sansevic@gmail.com<\/a><\/p><p><b>TECHNICAL DEPARTMENT<br \/><\/b>Franko Dujmi\u0107<br \/>e-mail:\u00a0<a style=\"font-size: 14px;\" href=\"mailto:tehnika@restarted.hr\" target=\"_blank\" rel=\"noopener\">tehnika@restarted.hr<\/a><\/p>\t\t\t\t\t\t\t\t<\/div>\n\t\t\t\t<\/div>\n\t\t\t\t\t<\/div>\n\t\t<\/div>\n\t\t\t\t\t<\/div>\n\t\t<\/section>\n\t\t\t\t\t<\/div>\n\t\t<\/div>\n\t\t\t\t\t<\/div>\n\t\t<\/section>\n\t\t\t\t<section class=\"has-el-gap el-gap-default elementor-section elementor-top-section elementor-element elementor-element-2e859a2 elementor-section-boxed elementor-section-height-default elementor-section-height-default\" data-id=\"2e859a2\" data-element_type=\"section\">\n\t\t\t\t\t\t<div class=\"elementor-container elementor-column-gap-no\">\n\t\t\t\t\t<div class=\"elementor-column elementor-col-100 elementor-top-column elementor-element elementor-element-b6d1127\" data-id=\"b6d1127\" data-element_type=\"column\">\n\t\t\t<div class=\"elementor-widget-wrap elementor-element-populated\">\n\t\t\t\t\t\t<div class=\"elementor-element elementor-element-3995434 elementor-widget elementor-widget-google_maps\" data-id=\"3995434\" data-element_type=\"widget\" data-widget_type=\"google_maps.default\">\n\t\t\t\t<div class=\"elementor-widget-container\">\n\t\t\t\t\t\t\t<div class=\"elementor-custom-embed\">\n\t\t\t<iframe loading=\"lazy\"\n\t\t\t\t\tsrc=\"https:\/\/maps.google.com\/maps?q=Trg%20Vladka%20Ma%C4%8Deka%201&#038;t=m&#038;z=16&#038;output=embed&#038;iwloc=near\"\n\t\t\t\t\ttitle=\"Trg Vladka Ma\u010deka 1\"\n\t\t\t\t\taria-label=\"Trg Vladka Ma\u010deka 1\"\n\t\t\t><\/iframe>\n\t\t<\/div>\n\t\t\t\t\t\t<\/div>\n\t\t\t\t<\/div>\n\t\t\t\t\t<\/div>\n\t\t<\/div>\n\t\t\t\t\t<\/div>\n\t\t<\/section>\n\t\t\t\t<\/div>\n\t\t","protected":false},"excerpt":{"rendered":"<p>RESTARTTrg Vladka Ma\u010deka 110000 ZagrebHrvatska \/ Croatiae-mail: restart@restarted.hrphone: +385 (0) 1 2345 654 OIB: 65917862963 VAT: HR65917862963 MB: 02222043 IBAN:&nbsp;HR1023600001101960930,&nbsp;Zagreba\u010dka banka SWIFT: ZABAHR2X &nbsp; &nbsp; PRODUCTION &amp; RESTART LABORATORYVanja Jambrovi\u0107Producere-mail: laboratorij@restarted.hr, vanja@restarted.hrcell: +385(0) 91 89 30 675 Oliver Serti\u0107Producere-mail: oliver@restarted.hrcell: +385 (0) 91 531 52 05 EDUCATION &amp; SCHOOL OF DOCUMENTARY FILMBranka \u0160amijaManager of educational<\/p>\n","protected":false},"author":1,"featured_media":0,"parent":0,"menu_order":0,"comment_status":"closed","ping_status":"closed","template":"page-templates\/blocks.php","meta":{"_acf_changed":false,"footnotes":""},"class_list":["post-4482","page","type-page","status-publish"],"acf":[],"yoast_head":"<!-- This site is optimized with the Yoast SEO Premium plugin v25.4 (Yoast SEO v26.5) - https:\/\/yoast.com\/wordpress\/plugins\/seo\/ -->\n<title>Contact - Restart<\/title>\n<meta name=\"description\" content=\"RESTARTTrg Vladka Ma\u010deka 110000 ZagrebHrvatska \/ Croatiae-mail: restart@restarted.hrphone: +385 (0) 1 2345 654 OIB: 65917862963 VAT: HR65917862963 MB:\" \/>\n<meta name=\"robots\" content=\"index, follow, max-snippet:-1, max-image-preview:large, max-video-preview:-1\" \/>\n<link rel=\"canonical\" href=\"https:\/\/restarted.hr\/kontakt\/\" \/>\n<meta property=\"og:locale\" content=\"en_US\" \/>\n<meta property=\"og:type\" content=\"article\" \/>\n<meta property=\"og:title\" content=\"Contact\" \/>\n<meta property=\"og:description\" content=\"RESTARTTrg Vladka Ma\u010deka 110000 ZagrebHrvatska \/ Croatiae-mail: restart@restarted.hrphone: +385 (0) 1 2345 654 OIB: 65917862963 VAT: HR65917862963 MB:\" \/>\n<meta property=\"og:url\" content=\"https:\/\/restarted.hr\/kontakt\/\" \/>\n<meta property=\"og:site_name\" content=\"Restart\" \/>\n<meta property=\"article:publisher\" content=\"https:\/\/www.facebook.com\/RestartDocumentary\" \/>\n<meta property=\"article:modified_time\" content=\"2026-03-24T13:51:07+00:00\" \/>\n<meta property=\"og:image\" content=\"https:\/\/restarted.hr\/wp-content\/uploads\/2021\/11\/restart-logo-og.png\" \/>\n\t<meta property=\"og:image:width\" content=\"600\" \/>\n\t<meta property=\"og:image:height\" content=\"400\" \/>\n\t<meta property=\"og:image:type\" content=\"image\/png\" \/>\n<meta name=\"twitter:card\" content=\"summary_large_image\" \/>\n<meta name=\"twitter:label1\" content=\"Est. reading time\" \/>\n\t<meta name=\"twitter:data1\" content=\"1 minute\" \/>\n<script type=\"application\/ld+json\" class=\"yoast-schema-graph\">{\"@context\":\"https:\/\/schema.org\",\"@graph\":[{\"@type\":\"WebPage\",\"@id\":\"https:\/\/restarted.hr\/kontakt\/\",\"url\":\"https:\/\/restarted.hr\/kontakt\/\",\"name\":\"Contact - Restart\",\"isPartOf\":{\"@id\":\"https:\/\/restarted.hr\/#website\"},\"datePublished\":\"2021-09-19T07:41:36+00:00\",\"dateModified\":\"2026-03-24T13:51:07+00:00\",\"description\":\"RESTARTTrg Vladka Ma\u010deka 110000 ZagrebHrvatska \/ Croatiae-mail: restart@restarted.hrphone: +385 (0) 1 2345 654 OIB: 65917862963 VAT: HR65917862963 MB:\",\"breadcrumb\":{\"@id\":\"https:\/\/restarted.hr\/kontakt\/#breadcrumb\"},\"inLanguage\":\"en-US\",\"potentialAction\":[{\"@type\":\"ReadAction\",\"target\":[\"https:\/\/restarted.hr\/kontakt\/\"]}]},{\"@type\":\"BreadcrumbList\",\"@id\":\"https:\/\/restarted.hr\/kontakt\/#breadcrumb\",\"itemListElement\":[{\"@type\":\"ListItem\",\"position\":1,\"name\":\"Po\u010detna stranica\",\"item\":\"https:\/\/restarted.hr\/en\/\"},{\"@type\":\"ListItem\",\"position\":2,\"name\":\"Contact\"}]},{\"@type\":\"WebSite\",\"@id\":\"https:\/\/restarted.hr\/#website\",\"url\":\"https:\/\/restarted.hr\/\",\"name\":\"Restart\",\"description\":\"\",\"publisher\":{\"@id\":\"https:\/\/restarted.hr\/#organization\"},\"potentialAction\":[{\"@type\":\"SearchAction\",\"target\":{\"@type\":\"EntryPoint\",\"urlTemplate\":\"https:\/\/restarted.hr\/?s={search_term_string}\"},\"query-input\":{\"@type\":\"PropertyValueSpecification\",\"valueRequired\":true,\"valueName\":\"search_term_string\"}}],\"inLanguage\":\"en-US\"},{\"@type\":\"Organization\",\"@id\":\"https:\/\/restarted.hr\/#organization\",\"name\":\"Restart\",\"url\":\"https:\/\/restarted.hr\/\",\"logo\":{\"@type\":\"ImageObject\",\"inLanguage\":\"en-US\",\"@id\":\"https:\/\/restarted.hr\/#\/schema\/logo\/image\/\",\"url\":\"https:\/\/restarted.hr\/wp-content\/uploads\/2021\/11\/restart-logo-og.png\",\"contentUrl\":\"https:\/\/restarted.hr\/wp-content\/uploads\/2021\/11\/restart-logo-og.png\",\"width\":600,\"height\":400,\"caption\":\"Restart\"},\"image\":{\"@id\":\"https:\/\/restarted.hr\/#\/schema\/logo\/image\/\"},\"sameAs\":[\"https:\/\/www.facebook.com\/RestartDocumentary\"]}]}<\/script>\n<!-- \/ Yoast SEO Premium plugin. -->","yoast_head_json":{"title":"Contact - Restart","description":"RESTARTTrg Vladka Ma\u010deka 110000 ZagrebHrvatska \/ Croatiae-mail: restart@restarted.hrphone: +385 (0) 1 2345 654 OIB: 65917862963 VAT: HR65917862963 MB:","robots":{"index":"index","follow":"follow","max-snippet":"max-snippet:-1","max-image-preview":"max-image-preview:large","max-video-preview":"max-video-preview:-1"},"canonical":"https:\/\/restarted.hr\/kontakt\/","og_locale":"en_US","og_type":"article","og_title":"Contact","og_description":"RESTARTTrg Vladka Ma\u010deka 110000 ZagrebHrvatska \/ Croatiae-mail: restart@restarted.hrphone: +385 (0) 1 2345 654 OIB: 65917862963 VAT: HR65917862963 MB:","og_url":"https:\/\/restarted.hr\/kontakt\/","og_site_name":"Restart","article_publisher":"https:\/\/www.facebook.com\/RestartDocumentary","article_modified_time":"2026-03-24T13:51:07+00:00","og_image":[{"width":600,"height":400,"url":"https:\/\/restarted.hr\/wp-content\/uploads\/2021\/11\/restart-logo-og.png","type":"image\/png"}],"twitter_card":"summary_large_image","twitter_misc":{"Est. reading time":"1 minute"},"schema":{"@context":"https:\/\/schema.org","@graph":[{"@type":"WebPage","@id":"https:\/\/restarted.hr\/kontakt\/","url":"https:\/\/restarted.hr\/kontakt\/","name":"Contact - Restart","isPartOf":{"@id":"https:\/\/restarted.hr\/#website"},"datePublished":"2021-09-19T07:41:36+00:00","dateModified":"2026-03-24T13:51:07+00:00","description":"RESTARTTrg Vladka Ma\u010deka 110000 ZagrebHrvatska \/ Croatiae-mail: restart@restarted.hrphone: +385 (0) 1 2345 654 OIB: 65917862963 VAT: HR65917862963 MB:","breadcrumb":{"@id":"https:\/\/restarted.hr\/kontakt\/#breadcrumb"},"inLanguage":"en-US","potentialAction":[{"@type":"ReadAction","target":["https:\/\/restarted.hr\/kontakt\/"]}]},{"@type":"BreadcrumbList","@id":"https:\/\/restarted.hr\/kontakt\/#breadcrumb","itemListElement":[{"@type":"ListItem","position":1,"name":"Po\u010detna stranica","item":"https:\/\/restarted.hr\/en\/"},{"@type":"ListItem","position":2,"name":"Contact"}]},{"@type":"WebSite","@id":"https:\/\/restarted.hr\/#website","url":"https:\/\/restarted.hr\/","name":"Restart","description":"","publisher":{"@id":"https:\/\/restarted.hr\/#organization"},"potentialAction":[{"@type":"SearchAction","target":{"@type":"EntryPoint","urlTemplate":"https:\/\/restarted.hr\/?s={search_term_string}"},"query-input":{"@type":"PropertyValueSpecification","valueRequired":true,"valueName":"search_term_string"}}],"inLanguage":"en-US"},{"@type":"Organization","@id":"https:\/\/restarted.hr\/#organization","name":"Restart","url":"https:\/\/restarted.hr\/","logo":{"@type":"ImageObject","inLanguage":"en-US","@id":"https:\/\/restarted.hr\/#\/schema\/logo\/image\/","url":"https:\/\/restarted.hr\/wp-content\/uploads\/2021\/11\/restart-logo-og.png","contentUrl":"https:\/\/restarted.hr\/wp-content\/uploads\/2021\/11\/restart-logo-og.png","width":600,"height":400,"caption":"Restart"},"image":{"@id":"https:\/\/restarted.hr\/#\/schema\/logo\/image\/"},"sameAs":["https:\/\/www.facebook.com\/RestartDocumentary"]}]}},"_links":{"self":[{"href":"https:\/\/restarted.hr\/en\/wp-json\/wp\/v2\/pages\/4482","targetHints":{"allow":["GET"]}}],"collection":[{"href":"https:\/\/restarted.hr\/en\/wp-json\/wp\/v2\/pages"}],"about":[{"href":"https:\/\/restarted.hr\/en\/wp-json\/wp\/v2\/types\/page"}],"author":[{"embeddable":true,"href":"https:\/\/restarted.hr\/en\/wp-json\/wp\/v2\/users\/1"}],"replies":[{"embeddable":true,"href":"https:\/\/restarted.hr\/en\/wp-json\/wp\/v2\/comments?post=4482"}],"version-history":[{"count":4,"href":"https:\/\/restarted.hr\/en\/wp-json\/wp\/v2\/pages\/4482\/revisions"}],"predecessor-version":[{"id":18101,"href":"https:\/\/restarted.hr\/en\/wp-json\/wp\/v2\/pages\/4482\/revisions\/18101"}],"wp:attachment":[{"href":"https:\/\/restarted.hr\/en\/wp-json\/wp\/v2\/media?parent=4482"}],"curies":[{"name":"wp","href":"https:\/\/api.w.org\/{rel}","templated":true}]}}