{"id":7571,"date":"2021-12-08T12:52:04","date_gmt":"2021-12-08T11:52:04","guid":{"rendered":"https:\/\/restarted.hr\/?page_id=7571"},"modified":"2022-12-05T15:55:04","modified_gmt":"2022-12-05T14:55:04","slug":"educational-team","status":"publish","type":"page","link":"https:\/\/restarted.hr\/en\/education\/educational-team\/","title":{"rendered":"Educational team"},"content":{"rendered":"<p><strong>Other associates:<\/strong> Ivana \u0110ula, Luka Vrbani\u0107, Sandra Basta\u0161i\u0107, Pavlica Bajsi\u0107 Brazzoduro, Mirna Belina, Sun\u010dana Brkulj, Tomislav Domes, Ana \u0110ordi\u0107, Vida Guzmi\u0107, Ivan Lu\u0161\u010di\u0107 \u2013 Liik, Ivan Maru\u0161i\u0107 \u2013 Klif, Ne\u017ea Knez, Mario Kozina, Boris Miti\u0107, Ivana Pipal, Sara Salamon, Hrvoje Spudi\u0107, Marta Stra\u017ei\u010di\u0107, Tomislav \u0160oban, Milo\u0161 Tomi\u0107, Vi\u0161nja Vuka\u0161inovi\u0107, Ivan Zeli\u0107, Jasna \u017dmak i dr.<\/p>\n","protected":false},"excerpt":{"rendered":"<p>Other associates: Ivana \u0110ula, Luka Vrbani\u0107, Sandra Basta\u0161i\u0107, Pavlica Bajsi\u0107 Brazzoduro, Mirna Belina, Sun\u010dana Brkulj, Tomislav Domes, Ana \u0110ordi\u0107, Vida Guzmi\u0107, Ivan Lu\u0161\u010di\u0107 \u2013 Liik, Ivan Maru\u0161i\u0107 \u2013 Klif, Ne\u017ea Knez, Mario Kozina, Boris Miti\u0107, Ivana Pipal, Sara Salamon, Hrvoje Spudi\u0107, Marta Stra\u017ei\u010di\u0107, Tomislav \u0160oban, Milo\u0161 Tomi\u0107, Vi\u0161nja Vuka\u0161inovi\u0107, Ivan Zeli\u0107, Jasna \u017dmak i dr.<\/p>\n","protected":false},"author":1,"featured_media":0,"parent":4474,"menu_order":0,"comment_status":"closed","ping_status":"closed","template":"inc\/team.php","meta":{"_acf_changed":false,"footnotes":""},"class_list":["post-7571","page","type-page","status-publish"],"acf":[],"yoast_head":"<!-- This site is optimized with the Yoast SEO Premium plugin v25.4 (Yoast SEO v26.5) - https:\/\/yoast.com\/wordpress\/plugins\/seo\/ -->\n<title>Educational team - Restart<\/title>\n<meta name=\"description\" content=\"Other associates: Ivana \u0110ula, Luka Vrbani\u0107, Sandra Basta\u0161i\u0107, Pavlica Bajsi\u0107 Brazzoduro, Mirna Belina, Sun\u010dana Brkulj, Tomislav Domes, Ana \u0110ordi\u0107, Vida\" \/>\n<meta name=\"robots\" content=\"index, follow, max-snippet:-1, max-image-preview:large, max-video-preview:-1\" \/>\n<link rel=\"canonical\" href=\"https:\/\/restarted.hr\/edukacija\/edukacijski-tim\/\" \/>\n<meta property=\"og:locale\" content=\"en_US\" \/>\n<meta property=\"og:type\" content=\"article\" \/>\n<meta property=\"og:title\" content=\"Educational team\" \/>\n<meta property=\"og:description\" content=\"Other associates: Ivana \u0110ula, Luka Vrbani\u0107, Sandra Basta\u0161i\u0107, Pavlica Bajsi\u0107 Brazzoduro, Mirna Belina, Sun\u010dana Brkulj, Tomislav Domes, Ana \u0110ordi\u0107, Vida\" \/>\n<meta property=\"og:url\" content=\"https:\/\/restarted.hr\/edukacija\/edukacijski-tim\/\" \/>\n<meta property=\"og:site_name\" content=\"Restart\" \/>\n<meta property=\"article:publisher\" content=\"https:\/\/www.facebook.com\/RestartDocumentary\" \/>\n<meta property=\"article:modified_time\" content=\"2022-12-05T14:55:04+00:00\" \/>\n<meta property=\"og:image\" content=\"https:\/\/restarted.hr\/wp-content\/uploads\/2021\/11\/restart-logo-og.png\" \/>\n\t<meta property=\"og:image:width\" content=\"600\" \/>\n\t<meta property=\"og:image:height\" content=\"400\" \/>\n\t<meta property=\"og:image:type\" content=\"image\/png\" \/>\n<meta name=\"twitter:card\" content=\"summary_large_image\" \/>\n<script type=\"application\/ld+json\" class=\"yoast-schema-graph\">{\"@context\":\"https:\/\/schema.org\",\"@graph\":[{\"@type\":\"WebPage\",\"@id\":\"https:\/\/restarted.hr\/edukacija\/edukacijski-tim\/\",\"url\":\"https:\/\/restarted.hr\/edukacija\/edukacijski-tim\/\",\"name\":\"Educational team - Restart\",\"isPartOf\":{\"@id\":\"https:\/\/restarted.hr\/#website\"},\"datePublished\":\"2021-12-08T11:52:04+00:00\",\"dateModified\":\"2022-12-05T14:55:04+00:00\",\"description\":\"Other associates: Ivana \u0110ula, Luka Vrbani\u0107, Sandra Basta\u0161i\u0107, Pavlica Bajsi\u0107 Brazzoduro, Mirna Belina, Sun\u010dana Brkulj, Tomislav Domes, Ana \u0110ordi\u0107, Vida\",\"breadcrumb\":{\"@id\":\"https:\/\/restarted.hr\/edukacija\/edukacijski-tim\/#breadcrumb\"},\"inLanguage\":\"en-US\",\"potentialAction\":[{\"@type\":\"ReadAction\",\"target\":[\"https:\/\/restarted.hr\/edukacija\/edukacijski-tim\/\"]}]},{\"@type\":\"BreadcrumbList\",\"@id\":\"https:\/\/restarted.hr\/edukacija\/edukacijski-tim\/#breadcrumb\",\"itemListElement\":[{\"@type\":\"ListItem\",\"position\":1,\"name\":\"Po\u010detna stranica\",\"item\":\"https:\/\/restarted.hr\/en\/\"},{\"@type\":\"ListItem\",\"position\":2,\"name\":\"Education\",\"item\":\"https:\/\/restarted.hr\/en\/education\/\"},{\"@type\":\"ListItem\",\"position\":3,\"name\":\"Educational team\"}]},{\"@type\":\"WebSite\",\"@id\":\"https:\/\/restarted.hr\/#website\",\"url\":\"https:\/\/restarted.hr\/\",\"name\":\"Restart\",\"description\":\"\",\"publisher\":{\"@id\":\"https:\/\/restarted.hr\/#organization\"},\"potentialAction\":[{\"@type\":\"SearchAction\",\"target\":{\"@type\":\"EntryPoint\",\"urlTemplate\":\"https:\/\/restarted.hr\/?s={search_term_string}\"},\"query-input\":{\"@type\":\"PropertyValueSpecification\",\"valueRequired\":true,\"valueName\":\"search_term_string\"}}],\"inLanguage\":\"en-US\"},{\"@type\":\"Organization\",\"@id\":\"https:\/\/restarted.hr\/#organization\",\"name\":\"Restart\",\"url\":\"https:\/\/restarted.hr\/\",\"logo\":{\"@type\":\"ImageObject\",\"inLanguage\":\"en-US\",\"@id\":\"https:\/\/restarted.hr\/#\/schema\/logo\/image\/\",\"url\":\"https:\/\/restarted.hr\/wp-content\/uploads\/2021\/11\/restart-logo-og.png\",\"contentUrl\":\"https:\/\/restarted.hr\/wp-content\/uploads\/2021\/11\/restart-logo-og.png\",\"width\":600,\"height\":400,\"caption\":\"Restart\"},\"image\":{\"@id\":\"https:\/\/restarted.hr\/#\/schema\/logo\/image\/\"},\"sameAs\":[\"https:\/\/www.facebook.com\/RestartDocumentary\"]}]}<\/script>\n<!-- \/ Yoast SEO Premium plugin. -->","yoast_head_json":{"title":"Educational team - Restart","description":"Other associates: Ivana \u0110ula, Luka Vrbani\u0107, Sandra Basta\u0161i\u0107, Pavlica Bajsi\u0107 Brazzoduro, Mirna Belina, Sun\u010dana Brkulj, Tomislav Domes, Ana \u0110ordi\u0107, Vida","robots":{"index":"index","follow":"follow","max-snippet":"max-snippet:-1","max-image-preview":"max-image-preview:large","max-video-preview":"max-video-preview:-1"},"canonical":"https:\/\/restarted.hr\/edukacija\/edukacijski-tim\/","og_locale":"en_US","og_type":"article","og_title":"Educational team","og_description":"Other associates: Ivana \u0110ula, Luka Vrbani\u0107, Sandra Basta\u0161i\u0107, Pavlica Bajsi\u0107 Brazzoduro, Mirna Belina, Sun\u010dana Brkulj, Tomislav Domes, Ana \u0110ordi\u0107, Vida","og_url":"https:\/\/restarted.hr\/edukacija\/edukacijski-tim\/","og_site_name":"Restart","article_publisher":"https:\/\/www.facebook.com\/RestartDocumentary","article_modified_time":"2022-12-05T14:55:04+00:00","og_image":[{"width":600,"height":400,"url":"https:\/\/restarted.hr\/wp-content\/uploads\/2021\/11\/restart-logo-og.png","type":"image\/png"}],"twitter_card":"summary_large_image","schema":{"@context":"https:\/\/schema.org","@graph":[{"@type":"WebPage","@id":"https:\/\/restarted.hr\/edukacija\/edukacijski-tim\/","url":"https:\/\/restarted.hr\/edukacija\/edukacijski-tim\/","name":"Educational team - Restart","isPartOf":{"@id":"https:\/\/restarted.hr\/#website"},"datePublished":"2021-12-08T11:52:04+00:00","dateModified":"2022-12-05T14:55:04+00:00","description":"Other associates: Ivana \u0110ula, Luka Vrbani\u0107, Sandra Basta\u0161i\u0107, Pavlica Bajsi\u0107 Brazzoduro, Mirna Belina, Sun\u010dana Brkulj, Tomislav Domes, Ana \u0110ordi\u0107, Vida","breadcrumb":{"@id":"https:\/\/restarted.hr\/edukacija\/edukacijski-tim\/#breadcrumb"},"inLanguage":"en-US","potentialAction":[{"@type":"ReadAction","target":["https:\/\/restarted.hr\/edukacija\/edukacijski-tim\/"]}]},{"@type":"BreadcrumbList","@id":"https:\/\/restarted.hr\/edukacija\/edukacijski-tim\/#breadcrumb","itemListElement":[{"@type":"ListItem","position":1,"name":"Po\u010detna stranica","item":"https:\/\/restarted.hr\/en\/"},{"@type":"ListItem","position":2,"name":"Education","item":"https:\/\/restarted.hr\/en\/education\/"},{"@type":"ListItem","position":3,"name":"Educational team"}]},{"@type":"WebSite","@id":"https:\/\/restarted.hr\/#website","url":"https:\/\/restarted.hr\/","name":"Restart","description":"","publisher":{"@id":"https:\/\/restarted.hr\/#organization"},"potentialAction":[{"@type":"SearchAction","target":{"@type":"EntryPoint","urlTemplate":"https:\/\/restarted.hr\/?s={search_term_string}"},"query-input":{"@type":"PropertyValueSpecification","valueRequired":true,"valueName":"search_term_string"}}],"inLanguage":"en-US"},{"@type":"Organization","@id":"https:\/\/restarted.hr\/#organization","name":"Restart","url":"https:\/\/restarted.hr\/","logo":{"@type":"ImageObject","inLanguage":"en-US","@id":"https:\/\/restarted.hr\/#\/schema\/logo\/image\/","url":"https:\/\/restarted.hr\/wp-content\/uploads\/2021\/11\/restart-logo-og.png","contentUrl":"https:\/\/restarted.hr\/wp-content\/uploads\/2021\/11\/restart-logo-og.png","width":600,"height":400,"caption":"Restart"},"image":{"@id":"https:\/\/restarted.hr\/#\/schema\/logo\/image\/"},"sameAs":["https:\/\/www.facebook.com\/RestartDocumentary"]}]}},"_links":{"self":[{"href":"https:\/\/restarted.hr\/en\/wp-json\/wp\/v2\/pages\/7571","targetHints":{"allow":["GET"]}}],"collection":[{"href":"https:\/\/restarted.hr\/en\/wp-json\/wp\/v2\/pages"}],"about":[{"href":"https:\/\/restarted.hr\/en\/wp-json\/wp\/v2\/types\/page"}],"author":[{"embeddable":true,"href":"https:\/\/restarted.hr\/en\/wp-json\/wp\/v2\/users\/1"}],"replies":[{"embeddable":true,"href":"https:\/\/restarted.hr\/en\/wp-json\/wp\/v2\/comments?post=7571"}],"version-history":[{"count":0,"href":"https:\/\/restarted.hr\/en\/wp-json\/wp\/v2\/pages\/7571\/revisions"}],"up":[{"embeddable":true,"href":"https:\/\/restarted.hr\/en\/wp-json\/wp\/v2\/pages\/4474"}],"wp:attachment":[{"href":"https:\/\/restarted.hr\/en\/wp-json\/wp\/v2\/media?parent=7571"}],"curies":[{"name":"wp","href":"https:\/\/api.w.org\/{rel}","templated":true}]}}